{"id":8615,"date":"2026-03-18T12:55:45","date_gmt":"2026-03-18T11:55:45","guid":{"rendered":"https:\/\/host3.hellowebtunisie.com\/~allissar\/?page_id=8615"},"modified":"2026-03-23T11:18:10","modified_gmt":"2026-03-23T10:18:10","slug":"usages","status":"publish","type":"page","link":"https:\/\/alissar-oliveoil.com\/fr\/usages","title":{"rendered":"Utilisations"},"content":{"rendered":"<div data-elementor-type=\"wp-page\" data-elementor-id=\"8615\" class=\"elementor elementor-8615\">\n\t\t\t\t<div class=\"elementor-element elementor-element-c82c97b e-flex e-con-boxed e-con e-parent\" data-id=\"c82c97b\" data-element_type=\"container\" data-e-type=\"container\">\n\t\t\t\t\t<div class=\"e-con-inner\">\n\t\t\t\t<div class=\"elementor-element elementor-element-5078fce elementor-widget elementor-widget-wd_title\" data-id=\"5078fce\" data-element_type=\"widget\" data-e-type=\"widget\" data-widget_type=\"wd_title.default\">\n\t\t\t\t<div class=\"elementor-widget-container\">\n\t\t\t\t\t\t\t<div class=\"title-wrapper set-mb-s reset-last-child wd-title-color-primary wd-title-style-default wd-title-size-default text-center\">\n\n\t\t\t\t\t\t\t<div class=\"title-subtitle subtitle-color-primary subtitle-style-default wd-fontsize-xs\">\n\t\t\t\t\tALISSAR\t\t\t\t<\/div>\n\t\t\t\n\t\t\t<div class=\"liner-continer\">\n\t\t\t\t<h4 class=\"woodmart-title-container title wd-fontsize-l\">D\u00e9couvrez les utilisations de l'huile d'olive Alissar<br \/>\n<\/h4> \n\t\t\t\t\t\t\t<\/div>\n\n\t\t\t\t\t\t\t<div class=\"title-after_title set-cont-mb-s reset-last-child wd-fontsize-xs\">\n\t\t\t\t\t<p>L'huile d'olive Alissar n'est pas qu'un ingr\u00e9dient de base en cuisine : c'est un indispensable du quotidien. Des cr\u00e9ations culinaires les plus raffin\u00e9es aux rituels de beaut\u00e9 en passant par le bien-\u00eatre naturel, notre huile d'olive de qualit\u00e9 sup\u00e9rieure apporte qualit\u00e9 et polyvalence \u00e0 chaque aspect de votre vie.<\/p><p>\u00a0<\/p>\t\t\t\t<\/div>\n\t\t\t\t\t<\/div>\n\t\t\t\t\t\t<\/div>\n\t\t\t\t<\/div>\n\t\t\t\t\t<\/div>\n\t\t\t\t<\/div>\n\t\t\t\t<section class=\"elementor-section elementor-top-section elementor-element elementor-element-0baeaa8 wd-section-stretch elementor-section-content-middle elementor-reverse-tablet elementor-reverse-mobile elementor-section-boxed elementor-section-height-default elementor-section-height-default\" data-id=\"0baeaa8\" data-element_type=\"section\" data-e-type=\"section\" data-settings=\"{&quot;background_background&quot;:&quot;classic&quot;}\">\n\t\t\t\t\t\t<div class=\"elementor-container elementor-column-gap-default\">\n\t\t\t\t\t<div class=\"elementor-column elementor-col-50 elementor-top-column elementor-element elementor-element-b9534f1\" data-id=\"b9534f1\" data-element_type=\"column\" data-e-type=\"column\">\n\t\t\t<div class=\"elementor-widget-wrap elementor-element-populated\">\n\t\t\t\t\t\t<div class=\"elementor-element elementor-element-6eea8d9 elementor-widget elementor-widget-wd_title\" data-id=\"6eea8d9\" data-element_type=\"widget\" data-e-type=\"widget\" data-widget_type=\"wd_title.default\">\n\t\t\t\t<div class=\"elementor-widget-container\">\n\t\t\t\t\t\t\t<div class=\"title-wrapper set-mb-s reset-last-child wd-title-color-default wd-title-style-default wd-title-size-default text-left\">\n\n\t\t\t\n\t\t\t<div class=\"liner-continer\">\n\t\t\t\t<h4 class=\"woodmart-title-container title wd-fontsize-l\">Salad Dressings &amp; Vinaigrettes<br \/>\n<\/h4> \n\t\t\t\t\t\t\t<\/div>\n\n\t\t\t\t\t<\/div>\n\t\t\t\t\t\t<\/div>\n\t\t\t\t<\/div>\n\t\t\t\t<div class=\"elementor-element elementor-element-61c0a66 elementor-widget elementor-widget-wd_text_block\" data-id=\"61c0a66\" data-element_type=\"widget\" data-e-type=\"widget\" data-widget_type=\"wd_text_block.default\">\n\t\t\t\t<div class=\"elementor-widget-container\">\n\t\t\t\t\t\t\t<div class=\"wd-text-block reset-last-child text-left\">\n\t\t\t\n\t\t\t<p>L'huile d'olive extra vierge Alissar est la base des vinaigrettes m\u00e9diterran\u00e9ennes authentiques. Sa texture onctueuse et velout\u00e9e enrobe chaque feuille, tandis que son profil aromatique \u00e9quilibr\u00e9 \u2014 avec ses subtiles notes d'herbes fra\u00eeches, d'herbe et une l\u00e9g\u00e8re finale poivr\u00e9e \u2014 rehausse les ingr\u00e9dients sans les masquer.<\/p><p>Contrairement aux vinaigrettes industrielles bourr\u00e9es de conservateurs et d'ar\u00f4mes artificiels, l'huile d'olive Alissar offre une puret\u00e9 et un naturel incomparables. Un simple filet suffit \u00e0 sublimer vos salades en leur apportant profondeur, nutriments et une \u00e9l\u00e9gance m\u00e9diterran\u00e9enne unique.<\/p>\n\t\t\t\t\t<\/div>\n\t\t\t\t\t\t<\/div>\n\t\t\t\t<\/div>\n\t\t\t\t<div class=\"elementor-element elementor-element-51c442b elementor-widget elementor-widget-wd_image_or_svg\" data-id=\"51c442b\" data-element_type=\"widget\" data-e-type=\"widget\" data-widget_type=\"wd_image_or_svg.default\">\n\t\t\t\t<div class=\"elementor-widget-container\">\n\t\t\t\t\t\n\t\t<div class=\"wd-image text-left\">\n\t\t\t\t\t\t\t\t<img decoding=\"async\" width=\"300\" height=\"121\" src=\"https:\/\/alissar-oliveoil.com\/wp-content\/uploads\/2021\/10\/4.png\" class=\"attachment-full size-full wp-image-8587\" alt=\"\" srcset=\"https:\/\/alissar-oliveoil.com\/wp-content\/uploads\/2021\/10\/4.png 300w, https:\/\/alissar-oliveoil.com\/wp-content\/uploads\/2021\/10\/4-150x61.png 150w\" sizes=\"(max-width: 300px) 100vw, 300px\" \/>\t\t\t\t\t<\/div>\n\n\t\t\t\t\t\t<\/div>\n\t\t\t\t<\/div>\n\t\t\t\t\t<\/div>\n\t\t<\/div>\n\t\t\t\t<div class=\"elementor-column elementor-col-50 elementor-top-column elementor-element elementor-element-4b41be4\" data-id=\"4b41be4\" data-element_type=\"column\" data-e-type=\"column\">\n\t\t\t<div class=\"elementor-widget-wrap elementor-element-populated\">\n\t\t\t\t\t\t<div class=\"elementor-element elementor-element-e8b0492 elementor-widget elementor-widget-wd_image_or_svg\" data-id=\"e8b0492\" data-element_type=\"widget\" data-e-type=\"widget\" data-widget_type=\"wd_image_or_svg.default\">\n\t\t\t\t<div class=\"elementor-widget-container\">\n\t\t\t\t\t\n\t\t<div class=\"wd-image text-center\">\n\t\t\t\t\t\t\t\t<img fetchpriority=\"high\" decoding=\"async\" width=\"1024\" height=\"1024\" src=\"https:\/\/alissar-oliveoil.com\/wp-content\/uploads\/2026\/03\/plat-salade.png\" class=\"attachment-full size-full wp-image-8621\" alt=\"\" srcset=\"https:\/\/alissar-oliveoil.com\/wp-content\/uploads\/2026\/03\/plat-salade.png 1024w, https:\/\/alissar-oliveoil.com\/wp-content\/uploads\/2026\/03\/plat-salade-430x430.png 430w, https:\/\/alissar-oliveoil.com\/wp-content\/uploads\/2026\/03\/plat-salade-150x150.png 150w, https:\/\/alissar-oliveoil.com\/wp-content\/uploads\/2026\/03\/plat-salade-700x700.png 700w, https:\/\/alissar-oliveoil.com\/wp-content\/uploads\/2026\/03\/plat-salade-300x300.png 300w, https:\/\/alissar-oliveoil.com\/wp-content\/uploads\/2026\/03\/plat-salade-800x800.png 800w, https:\/\/alissar-oliveoil.com\/wp-content\/uploads\/2026\/03\/plat-salade-768x768.png 768w, https:\/\/alissar-oliveoil.com\/wp-content\/uploads\/2026\/03\/plat-salade-860x860.png 860w\" sizes=\"(max-width: 1024px) 100vw, 1024px\" \/>\t\t\t\t\t<\/div>\n\n\t\t\t\t\t\t<\/div>\n\t\t\t\t<\/div>\n\t\t\t\t\t<\/div>\n\t\t<\/div>\n\t\t\t\t\t<\/div>\n\t\t<\/section>\n\t\t<div class=\"elementor-element elementor-element-c80e5c5 e-grid e-con-full e-con e-parent\" data-id=\"c80e5c5\" data-element_type=\"container\" data-e-type=\"container\">\n\t\t<div class=\"elementor-element elementor-element-113bb14 e-con-full e-flex e-con e-child\" data-id=\"113bb14\" data-element_type=\"container\" data-e-type=\"container\">\n\t\t\t\t<div class=\"elementor-element elementor-element-80622d5 elementor-widget elementor-widget-wd_image_or_svg\" data-id=\"80622d5\" data-element_type=\"widget\" data-e-type=\"widget\" data-widget_type=\"wd_image_or_svg.default\">\n\t\t\t\t<div class=\"elementor-widget-container\">\n\t\t\t\t\t\n\t\t<div class=\"wd-image text-left\">\n\t\t\t\t\t\t\t\t<img decoding=\"async\" width=\"1024\" height=\"512\" src=\"https:\/\/alissar-oliveoil.com\/wp-content\/uploads\/2026\/03\/plat-meat-sans-bouteille.png\" class=\"attachment-full size-full wp-image-8637\" alt=\"\" srcset=\"https:\/\/alissar-oliveoil.com\/wp-content\/uploads\/2026\/03\/plat-meat-sans-bouteille.png 1024w, https:\/\/alissar-oliveoil.com\/wp-content\/uploads\/2026\/03\/plat-meat-sans-bouteille-430x215.png 430w, https:\/\/alissar-oliveoil.com\/wp-content\/uploads\/2026\/03\/plat-meat-sans-bouteille-150x75.png 150w, https:\/\/alissar-oliveoil.com\/wp-content\/uploads\/2026\/03\/plat-meat-sans-bouteille-700x350.png 700w, https:\/\/alissar-oliveoil.com\/wp-content\/uploads\/2026\/03\/plat-meat-sans-bouteille-400x200.png 400w, https:\/\/alissar-oliveoil.com\/wp-content\/uploads\/2026\/03\/plat-meat-sans-bouteille-768x384.png 768w, https:\/\/alissar-oliveoil.com\/wp-content\/uploads\/2026\/03\/plat-meat-sans-bouteille-860x430.png 860w\" sizes=\"(max-width: 1024px) 100vw, 1024px\" \/>\t\t\t\t\t<\/div>\n\n\t\t\t\t\t\t<\/div>\n\t\t\t\t<\/div>\n\t\t\t\t<\/div>\n\t\t\t\t<div class=\"elementor-element elementor-element-9a79996 elementor-widget elementor-widget-wd_title\" data-id=\"9a79996\" data-element_type=\"widget\" data-e-type=\"widget\" data-widget_type=\"wd_title.default\">\n\t\t\t\t<div class=\"elementor-widget-container\">\n\t\t\t\t\t\t\t<div class=\"title-wrapper set-mb-s reset-last-child wd-title-color-default wd-title-style-default wd-title-size-default text-left\">\n\n\t\t\t\n\t\t\t<div class=\"liner-continer\">\n\t\t\t\t<h4 class=\"woodmart-title-container title wd-fontsize-l\">Sublimez vos plats de viande<br \/>\n<\/h4> \n\t\t\t\t\t\t\t<\/div>\n\n\t\t\t\t\t\t\t<div class=\"title-after_title set-cont-mb-s reset-last-child wd-fontsize-xs\">\n\t\t\t\t\t<p>L'huile d'olive Alissar est id\u00e9ale pour la cuisine de tous les jours. Utilisez-la pour faire sauter des l\u00e9gumes, saisir des viandes ou pr\u00e9parer vos plats pr\u00e9f\u00e9r\u00e9s au wok. Sa saveur riche et son point de fum\u00e9e \u00e9lev\u00e9 en font un alli\u00e9 pr\u00e9cieux en cuisine.<\/p>\t\t\t\t<\/div>\n\t\t\t\t\t<\/div>\n\t\t\t\t\t\t<\/div>\n\t\t\t\t<\/div>\n\t\t\t\t<div class=\"elementor-element elementor-element-fcc1068 elementor-widget elementor-widget-wd_image_or_svg\" data-id=\"fcc1068\" data-element_type=\"widget\" data-e-type=\"widget\" data-widget_type=\"wd_image_or_svg.default\">\n\t\t\t\t<div class=\"elementor-widget-container\">\n\t\t\t\t\t\n\t\t<div class=\"wd-image text-left\">\n\t\t\t\t\t\t\t\t<img loading=\"lazy\" decoding=\"async\" width=\"1024\" height=\"512\" src=\"https:\/\/alissar-oliveoil.com\/wp-content\/uploads\/2026\/03\/plat-meat-2-1.png\" class=\"attachment-full size-full wp-image-8635\" alt=\"\" srcset=\"https:\/\/alissar-oliveoil.com\/wp-content\/uploads\/2026\/03\/plat-meat-2-1.png 1024w, https:\/\/alissar-oliveoil.com\/wp-content\/uploads\/2026\/03\/plat-meat-2-1-430x215.png 430w, https:\/\/alissar-oliveoil.com\/wp-content\/uploads\/2026\/03\/plat-meat-2-1-150x75.png 150w, https:\/\/alissar-oliveoil.com\/wp-content\/uploads\/2026\/03\/plat-meat-2-1-700x350.png 700w, https:\/\/alissar-oliveoil.com\/wp-content\/uploads\/2026\/03\/plat-meat-2-1-400x200.png 400w, https:\/\/alissar-oliveoil.com\/wp-content\/uploads\/2026\/03\/plat-meat-2-1-768x384.png 768w, https:\/\/alissar-oliveoil.com\/wp-content\/uploads\/2026\/03\/plat-meat-2-1-860x430.png 860w\" sizes=\"(max-width: 1024px) 100vw, 1024px\" \/>\t\t\t\t\t<\/div>\n\n\t\t\t\t\t\t<\/div>\n\t\t\t\t<\/div>\n\t\t\t\t<div class=\"elementor-element elementor-element-30ad32a elementor-widget elementor-widget-wd_text_block\" data-id=\"30ad32a\" data-element_type=\"widget\" data-e-type=\"widget\" data-widget_type=\"wd_text_block.default\">\n\t\t\t\t<div class=\"elementor-widget-container\">\n\t\t\t\t\t\t\t<div class=\"wd-text-block reset-last-child text-left\">\n\t\t\t\n\t\t\t<p>L'huile d'olive extra vierge Alissar est l'ingr\u00e9dient secret qui transforme les plats de viande ordinaires en exp\u00e9riences culinaires extraordinaires. Que vous grilliez de succulentes c\u00f4telettes d'agneau, r\u00f4tissiez un poulet tendre, saisissiez un steak \u00e0 la perfection ou mijotiez un b\u0153uf fondant, notre huile d'olive de qualit\u00e9 sup\u00e9rieure rehausse les saveurs, pr\u00e9serve l'humidit\u00e9 et cr\u00e9e cette cro\u00fbte dor\u00e9e tant recherch\u00e9e. Utilisez l'huile d'olive Alissar pour mariner votre viande avec de l'ail, des herbes fra\u00eeches comme le romarin et le thym, du zeste de citron et des \u00e9pices chaudes.\u00a0<\/p>\n\t\t\t\t\t<\/div>\n\t\t\t\t\t\t<\/div>\n\t\t\t\t<\/div>\n\t\t\t\t<\/div>\n\t\t\t\t<\/div>","protected":false},"excerpt":{"rendered":"<p>ALISSAR Discover the Endless Uses of Alissar Olive Oil Alissar Olive Oil isn&#8217;t just a kitchen staple \u2014 it&#8217;s a<\/p>","protected":false},"author":1,"featured_media":0,"parent":0,"menu_order":0,"comment_status":"closed","ping_status":"closed","template":"","meta":{"footnotes":""},"class_list":["post-8615","page","type-page","status-publish","hentry"],"_links":{"self":[{"href":"https:\/\/alissar-oliveoil.com\/fr\/wp-json\/wp\/v2\/pages\/8615","targetHints":{"allow":["GET"]}}],"collection":[{"href":"https:\/\/alissar-oliveoil.com\/fr\/wp-json\/wp\/v2\/pages"}],"about":[{"href":"https:\/\/alissar-oliveoil.com\/fr\/wp-json\/wp\/v2\/types\/page"}],"author":[{"embeddable":true,"href":"https:\/\/alissar-oliveoil.com\/fr\/wp-json\/wp\/v2\/users\/1"}],"replies":[{"embeddable":true,"href":"https:\/\/alissar-oliveoil.com\/fr\/wp-json\/wp\/v2\/comments?post=8615"}],"version-history":[{"count":16,"href":"https:\/\/alissar-oliveoil.com\/fr\/wp-json\/wp\/v2\/pages\/8615\/revisions"}],"predecessor-version":[{"id":8668,"href":"https:\/\/alissar-oliveoil.com\/fr\/wp-json\/wp\/v2\/pages\/8615\/revisions\/8668"}],"wp:attachment":[{"href":"https:\/\/alissar-oliveoil.com\/fr\/wp-json\/wp\/v2\/media?parent=8615"}],"curies":[{"name":"wp","href":"https:\/\/api.w.org\/{rel}","templated":true}]}}