{"id":8704,"date":"2026-04-01T15:47:07","date_gmt":"2026-04-01T13:47:07","guid":{"rendered":"https:\/\/alissar-oliveoil.com\/?post_type=product&#038;p=8704"},"modified":"2026-04-06T10:31:48","modified_gmt":"2026-04-06T08:31:48","slug":"extra-virgin-olive-oil-1l-2","status":"publish","type":"product","link":"https:\/\/alissar-oliveoil.com\/fr\/produit\/extra-virgin-olive-oil-1l-2","title":{"rendered":"Huile d'olive Extra Vierge 1L"},"content":{"rendered":"<p>Notre huile d'olive est \u00e9labor\u00e9e \u00e0 partir d'olives soigneusement s\u00e9lectionn\u00e9es, r\u00e9colt\u00e9es \u00e0 pleine maturit\u00e9 et press\u00e9es \u00e0 froid pour pr\u00e9server leurs ar\u00f4mes et nutriments naturels. Riche en saveur et onctueuse en texture, elle apporte \u00e0 votre table le go\u00fbt authentique de la M\u00e9diterran\u00e9e.<\/p>","protected":false},"excerpt":{"rendered":"<p>Notre huile d'olive est \u00e9labor\u00e9e \u00e0 partir d'olives soigneusement s\u00e9lectionn\u00e9es, r\u00e9colt\u00e9es \u00e0 pleine maturit\u00e9 et press\u00e9es \u00e0 froid pour pr\u00e9server leurs ar\u00f4mes et nutriments naturels. Riche en saveur et onctueuse en texture, elle apporte \u00e0 votre table le go\u00fbt authentique de la M\u00e9diterran\u00e9e.<\/p>","protected":false},"featured_media":8731,"template":"","meta":[],"product_brand":[],"product_cat":[74],"product_tag":[],"class_list":{"0":"post-8704","1":"product","2":"type-product","3":"status-publish","4":"has-post-thumbnail","6":"product_cat-olive-oil","8":"first","9":"instock","10":"shipping-taxable","11":"product-type-simple"},"_links":{"self":[{"href":"https:\/\/alissar-oliveoil.com\/fr\/wp-json\/wp\/v2\/product\/8704","targetHints":{"allow":["GET"]}}],"collection":[{"href":"https:\/\/alissar-oliveoil.com\/fr\/wp-json\/wp\/v2\/product"}],"about":[{"href":"https:\/\/alissar-oliveoil.com\/fr\/wp-json\/wp\/v2\/types\/product"}],"version-history":[{"count":2,"href":"https:\/\/alissar-oliveoil.com\/fr\/wp-json\/wp\/v2\/product\/8704\/revisions"}],"predecessor-version":[{"id":8730,"href":"https:\/\/alissar-oliveoil.com\/fr\/wp-json\/wp\/v2\/product\/8704\/revisions\/8730"}],"wp:featuredmedia":[{"embeddable":true,"href":"https:\/\/alissar-oliveoil.com\/fr\/wp-json\/wp\/v2\/media\/8731"}],"wp:attachment":[{"href":"https:\/\/alissar-oliveoil.com\/fr\/wp-json\/wp\/v2\/media?parent=8704"}],"wp:term":[{"taxonomy":"product_brand","embeddable":true,"href":"https:\/\/alissar-oliveoil.com\/fr\/wp-json\/wp\/v2\/product_brand?post=8704"},{"taxonomy":"product_cat","embeddable":true,"href":"https:\/\/alissar-oliveoil.com\/fr\/wp-json\/wp\/v2\/product_cat?post=8704"},{"taxonomy":"product_tag","embeddable":true,"href":"https:\/\/alissar-oliveoil.com\/fr\/wp-json\/wp\/v2\/product_tag?post=8704"}],"curies":[{"name":"wp","href":"https:\/\/api.w.org\/{rel}","templated":true}]}}