{"id":8744,"date":"2026-04-06T10:43:55","date_gmt":"2026-04-06T08:43:55","guid":{"rendered":"https:\/\/alissar-oliveoil.com\/?post_type=product&#038;p=8744"},"modified":"2026-04-06T10:44:21","modified_gmt":"2026-04-06T08:44:21","slug":"extra-virgin-olive-oil-bio-750-ml","status":"publish","type":"product","link":"https:\/\/alissar-oliveoil.com\/fr\/produit\/extra-virgin-olive-oil-bio-750-ml","title":{"rendered":"Huile d'olive Extra Vierge Bio 750 Ml"},"content":{"rendered":"<p>D\u00e9couvrez la polyvalence et les bienfaits de l'huile d'olive extra vierge gr\u00e2ce \u00e0 notre s\u00e9lection de recettes d'inspiration m\u00e9diterran\u00e9enne. Des vinaigrettes les plus simples aux plats principaux les plus raffin\u00e9s, l'huile d'olive sublime chaque mets par sa saveur riche et ses qualit\u00e9s nutritionnelles.<\/p>","protected":false},"excerpt":{"rendered":"<p>D\u00e9couvrez la polyvalence et les bienfaits de l'huile d'olive extra vierge gr\u00e2ce \u00e0 notre s\u00e9lection de recettes d'inspiration m\u00e9diterran\u00e9enne. Des vinaigrettes les plus simples aux plats principaux les plus raffin\u00e9s, l'huile d'olive sublime chaque mets par sa saveur riche et ses qualit\u00e9s nutritionnelles.<\/p>","protected":false},"featured_media":8745,"template":"","meta":[],"product_brand":[],"product_cat":[75],"product_tag":[],"class_list":{"0":"post-8744","1":"product","2":"type-product","3":"status-publish","4":"has-post-thumbnail","6":"product_cat-bio","8":"first","9":"instock","10":"shipping-taxable","11":"product-type-simple"},"_links":{"self":[{"href":"https:\/\/alissar-oliveoil.com\/fr\/wp-json\/wp\/v2\/product\/8744","targetHints":{"allow":["GET"]}}],"collection":[{"href":"https:\/\/alissar-oliveoil.com\/fr\/wp-json\/wp\/v2\/product"}],"about":[{"href":"https:\/\/alissar-oliveoil.com\/fr\/wp-json\/wp\/v2\/types\/product"}],"version-history":[{"count":1,"href":"https:\/\/alissar-oliveoil.com\/fr\/wp-json\/wp\/v2\/product\/8744\/revisions"}],"predecessor-version":[{"id":8746,"href":"https:\/\/alissar-oliveoil.com\/fr\/wp-json\/wp\/v2\/product\/8744\/revisions\/8746"}],"wp:featuredmedia":[{"embeddable":true,"href":"https:\/\/alissar-oliveoil.com\/fr\/wp-json\/wp\/v2\/media\/8745"}],"wp:attachment":[{"href":"https:\/\/alissar-oliveoil.com\/fr\/wp-json\/wp\/v2\/media?parent=8744"}],"wp:term":[{"taxonomy":"product_brand","embeddable":true,"href":"https:\/\/alissar-oliveoil.com\/fr\/wp-json\/wp\/v2\/product_brand?post=8744"},{"taxonomy":"product_cat","embeddable":true,"href":"https:\/\/alissar-oliveoil.com\/fr\/wp-json\/wp\/v2\/product_cat?post=8744"},{"taxonomy":"product_tag","embeddable":true,"href":"https:\/\/alissar-oliveoil.com\/fr\/wp-json\/wp\/v2\/product_tag?post=8744"}],"curies":[{"name":"wp","href":"https:\/\/api.w.org\/{rel}","templated":true}]}}