{"id":8790,"date":"2026-04-06T11:39:59","date_gmt":"2026-04-06T09:39:59","guid":{"rendered":"https:\/\/alissar-oliveoil.com\/?post_type=product&#038;p=8790"},"modified":"2026-04-06T11:40:25","modified_gmt":"2026-04-06T09:40:25","slug":"extra-virgin-olive-oil-metallic-3l","status":"publish","type":"product","link":"https:\/\/alissar-oliveoil.com\/fr\/produit\/extra-virgin-olive-oil-metallic-3l","title":{"rendered":"Huile d'olive Extra Vierge M\u00e9tallique 3L"},"content":{"rendered":"<p>L'huile d'olive est bien plus qu'un simple ingr\u00e9dient culinaire : c'est une tradition s\u00e9culaire ancr\u00e9e dans la culture et la cuisine m\u00e9diterran\u00e9ennes. Riche en antioxydants, en vitamines E et K et en acides gras mono-insatur\u00e9s b\u00e9n\u00e9fiques pour le c\u0153ur, l'huile d'olive est largement consid\u00e9r\u00e9e comme l'une des mati\u00e8res grasses les plus saines qui soient.<\/p>","protected":false},"excerpt":{"rendered":"<p>L'huile d'olive est bien plus qu'un simple ingr\u00e9dient culinaire : c'est une tradition s\u00e9culaire ancr\u00e9e dans la culture et la cuisine m\u00e9diterran\u00e9ennes. Riche en antioxydants, en vitamines E et K et en acides gras mono-insatur\u00e9s b\u00e9n\u00e9fiques pour le c\u0153ur, l'huile d'olive est largement consid\u00e9r\u00e9e comme l'une des mati\u00e8res grasses les plus saines qui soient.<\/p>","protected":false},"featured_media":8783,"template":"","meta":[],"product_brand":[],"product_cat":[79],"product_tag":[],"class_list":{"0":"post-8790","1":"product","2":"type-product","3":"status-publish","4":"has-post-thumbnail","6":"product_cat-metallic","8":"first","9":"instock","10":"shipping-taxable","11":"product-type-simple"},"_links":{"self":[{"href":"https:\/\/alissar-oliveoil.com\/fr\/wp-json\/wp\/v2\/product\/8790","targetHints":{"allow":["GET"]}}],"collection":[{"href":"https:\/\/alissar-oliveoil.com\/fr\/wp-json\/wp\/v2\/product"}],"about":[{"href":"https:\/\/alissar-oliveoil.com\/fr\/wp-json\/wp\/v2\/types\/product"}],"version-history":[{"count":1,"href":"https:\/\/alissar-oliveoil.com\/fr\/wp-json\/wp\/v2\/product\/8790\/revisions"}],"predecessor-version":[{"id":8792,"href":"https:\/\/alissar-oliveoil.com\/fr\/wp-json\/wp\/v2\/product\/8790\/revisions\/8792"}],"wp:featuredmedia":[{"embeddable":true,"href":"https:\/\/alissar-oliveoil.com\/fr\/wp-json\/wp\/v2\/media\/8783"}],"wp:attachment":[{"href":"https:\/\/alissar-oliveoil.com\/fr\/wp-json\/wp\/v2\/media?parent=8790"}],"wp:term":[{"taxonomy":"product_brand","embeddable":true,"href":"https:\/\/alissar-oliveoil.com\/fr\/wp-json\/wp\/v2\/product_brand?post=8790"},{"taxonomy":"product_cat","embeddable":true,"href":"https:\/\/alissar-oliveoil.com\/fr\/wp-json\/wp\/v2\/product_cat?post=8790"},{"taxonomy":"product_tag","embeddable":true,"href":"https:\/\/alissar-oliveoil.com\/fr\/wp-json\/wp\/v2\/product_tag?post=8790"}],"curies":[{"name":"wp","href":"https:\/\/api.w.org\/{rel}","templated":true}]}}